{"id":4130,"date":"2022-04-12T16:03:16","date_gmt":"2022-04-12T14:03:16","guid":{"rendered":"https:\/\/www.relevi.it\/homepage\/"},"modified":"2022-04-13T09:59:57","modified_gmt":"2022-04-13T07:59:57","slug":"homepage","status":"publish","type":"page","link":"http:\/\/www.relevi.it\/fr\/","title":{"rendered":"Homepage"},"content":{"rendered":"","protected":false},"excerpt":{"rendered":"","protected":false},"author":1,"featured_media":0,"parent":0,"menu_order":0,"comment_status":"closed","ping_status":"closed","template":"","meta":{"_acf_changed":false,"footnotes":""},"class_list":["post-4130","page","type-page","status-publish","hentry"],"acf":[],"yoast_head":"<!-- This site is optimized with the Yoast SEO plugin v26.4 - https:\/\/yoast.com\/wordpress\/plugins\/seo\/ -->\n<title>Relevi - Prodotti per l\u2019igiene e la deodorazione della casa<\/title>\n<meta name=\"description\" content=\"Leader europ\u00e9en dans la production de Private Label dans divers segments tels que les d\u00e9odorants en gel, les WC solides assainissants, les bougies parfum\u00e9es et les anti-mites.\" \/>\n<meta name=\"robots\" content=\"index, follow, max-snippet:-1, max-image-preview:large, max-video-preview:-1\" \/>\n<link rel=\"canonical\" href=\"https:\/\/www.relevi.it\/fr\/\" \/>\n<meta property=\"og:locale\" content=\"fr_FR\" \/>\n<meta property=\"og:type\" content=\"article\" \/>\n<meta property=\"og:title\" content=\"Relevi - Prodotti per l\u2019igiene e la deodorazione della casa\" \/>\n<meta property=\"og:description\" content=\"Leader europ\u00e9en dans la production de Private Label dans divers segments tels que les d\u00e9odorants en gel, les WC solides assainissants, les bougies parfum\u00e9es et les anti-mites.\" \/>\n<meta property=\"og:url\" content=\"https:\/\/www.relevi.it\/fr\/\" \/>\n<meta property=\"og:site_name\" content=\"Relevi\" \/>\n<meta property=\"article:publisher\" content=\"https:\/\/www.facebook.com\/RELEVISPA\" \/>\n<meta property=\"article:modified_time\" content=\"2022-04-13T07:59:57+00:00\" \/>\n<meta name=\"twitter:card\" content=\"summary_large_image\" \/>\n<script type=\"application\/ld+json\" class=\"yoast-schema-graph\">{\"@context\":\"https:\/\/schema.org\",\"@graph\":[{\"@type\":\"WebPage\",\"@id\":\"https:\/\/www.relevi.it\/fr\/\",\"url\":\"https:\/\/www.relevi.it\/fr\/\",\"name\":\"Relevi - Prodotti per l\u2019igiene e la deodorazione della casa\",\"isPartOf\":{\"@id\":\"https:\/\/www.relevi.it\/fr\/#website\"},\"datePublished\":\"2022-04-12T14:03:16+00:00\",\"dateModified\":\"2022-04-13T07:59:57+00:00\",\"description\":\"Leader europ\u00e9en dans la production de Private Label dans divers segments tels que les d\u00e9odorants en gel, les WC solides assainissants, les bougies parfum\u00e9es et les anti-mites.\",\"breadcrumb\":{\"@id\":\"https:\/\/www.relevi.it\/fr\/#breadcrumb\"},\"inLanguage\":\"fr-FR\",\"potentialAction\":[{\"@type\":\"ReadAction\",\"target\":[\"https:\/\/www.relevi.it\/fr\/\"]}]},{\"@type\":\"BreadcrumbList\",\"@id\":\"https:\/\/www.relevi.it\/fr\/#breadcrumb\",\"itemListElement\":[{\"@type\":\"ListItem\",\"position\":1,\"name\":\"Relevi\",\"item\":\"https:\/\/www.relevi.it\/fr\/\"},{\"@type\":\"ListItem\",\"position\":2,\"name\":\"Homepage\"}]},{\"@type\":\"WebSite\",\"@id\":\"https:\/\/www.relevi.it\/fr\/#website\",\"url\":\"https:\/\/www.relevi.it\/fr\/\",\"name\":\"Relevi\",\"description\":\"Prodotti per l\u2019igiene e la deodorazione della casa\",\"publisher\":{\"@id\":\"https:\/\/www.relevi.it\/fr\/#organization\"},\"potentialAction\":[{\"@type\":\"SearchAction\",\"target\":{\"@type\":\"EntryPoint\",\"urlTemplate\":\"https:\/\/www.relevi.it\/fr\/?s={search_term_string}\"},\"query-input\":{\"@type\":\"PropertyValueSpecification\",\"valueRequired\":true,\"valueName\":\"search_term_string\"}}],\"inLanguage\":\"fr-FR\"},{\"@type\":\"Organization\",\"@id\":\"https:\/\/www.relevi.it\/fr\/#organization\",\"name\":\"Relevi SPA\",\"url\":\"https:\/\/www.relevi.it\/fr\/\",\"logo\":{\"@type\":\"ImageObject\",\"inLanguage\":\"fr-FR\",\"@id\":\"https:\/\/www.relevi.it\/fr\/#\/schema\/logo\/image\/\",\"url\":\"https:\/\/www.relevi.it\/wp-content\/uploads\/2021\/12\/relevi_logo.png\",\"contentUrl\":\"https:\/\/www.relevi.it\/wp-content\/uploads\/2021\/12\/relevi_logo.png\",\"width\":3126,\"height\":2036,\"caption\":\"Relevi SPA\"},\"image\":{\"@id\":\"https:\/\/www.relevi.it\/fr\/#\/schema\/logo\/image\/\"},\"sameAs\":[\"https:\/\/www.facebook.com\/RELEVISPA\",\"https:\/\/www.linkedin.com\/company\/relevi-spa\/\"]}]}<\/script>\n<!-- \/ Yoast SEO plugin. -->","yoast_head_json":{"title":"Relevi - Prodotti per l\u2019igiene e la deodorazione della casa","description":"Leader europ\u00e9en dans la production de Private Label dans divers segments tels que les d\u00e9odorants en gel, les WC solides assainissants, les bougies parfum\u00e9es et les anti-mites.","robots":{"index":"index","follow":"follow","max-snippet":"max-snippet:-1","max-image-preview":"max-image-preview:large","max-video-preview":"max-video-preview:-1"},"canonical":"https:\/\/www.relevi.it\/fr\/","og_locale":"fr_FR","og_type":"article","og_title":"Relevi - Prodotti per l\u2019igiene e la deodorazione della casa","og_description":"Leader europ\u00e9en dans la production de Private Label dans divers segments tels que les d\u00e9odorants en gel, les WC solides assainissants, les bougies parfum\u00e9es et les anti-mites.","og_url":"https:\/\/www.relevi.it\/fr\/","og_site_name":"Relevi","article_publisher":"https:\/\/www.facebook.com\/RELEVISPA","article_modified_time":"2022-04-13T07:59:57+00:00","twitter_card":"summary_large_image","schema":{"@context":"https:\/\/schema.org","@graph":[{"@type":"WebPage","@id":"https:\/\/www.relevi.it\/fr\/","url":"https:\/\/www.relevi.it\/fr\/","name":"Relevi - Prodotti per l\u2019igiene e la deodorazione della casa","isPartOf":{"@id":"https:\/\/www.relevi.it\/fr\/#website"},"datePublished":"2022-04-12T14:03:16+00:00","dateModified":"2022-04-13T07:59:57+00:00","description":"Leader europ\u00e9en dans la production de Private Label dans divers segments tels que les d\u00e9odorants en gel, les WC solides assainissants, les bougies parfum\u00e9es et les anti-mites.","breadcrumb":{"@id":"https:\/\/www.relevi.it\/fr\/#breadcrumb"},"inLanguage":"fr-FR","potentialAction":[{"@type":"ReadAction","target":["https:\/\/www.relevi.it\/fr\/"]}]},{"@type":"BreadcrumbList","@id":"https:\/\/www.relevi.it\/fr\/#breadcrumb","itemListElement":[{"@type":"ListItem","position":1,"name":"Relevi","item":"https:\/\/www.relevi.it\/fr\/"},{"@type":"ListItem","position":2,"name":"Homepage"}]},{"@type":"WebSite","@id":"https:\/\/www.relevi.it\/fr\/#website","url":"https:\/\/www.relevi.it\/fr\/","name":"Relevi","description":"Prodotti per l\u2019igiene e la deodorazione della casa","publisher":{"@id":"https:\/\/www.relevi.it\/fr\/#organization"},"potentialAction":[{"@type":"SearchAction","target":{"@type":"EntryPoint","urlTemplate":"https:\/\/www.relevi.it\/fr\/?s={search_term_string}"},"query-input":{"@type":"PropertyValueSpecification","valueRequired":true,"valueName":"search_term_string"}}],"inLanguage":"fr-FR"},{"@type":"Organization","@id":"https:\/\/www.relevi.it\/fr\/#organization","name":"Relevi SPA","url":"https:\/\/www.relevi.it\/fr\/","logo":{"@type":"ImageObject","inLanguage":"fr-FR","@id":"https:\/\/www.relevi.it\/fr\/#\/schema\/logo\/image\/","url":"https:\/\/www.relevi.it\/wp-content\/uploads\/2021\/12\/relevi_logo.png","contentUrl":"https:\/\/www.relevi.it\/wp-content\/uploads\/2021\/12\/relevi_logo.png","width":3126,"height":2036,"caption":"Relevi SPA"},"image":{"@id":"https:\/\/www.relevi.it\/fr\/#\/schema\/logo\/image\/"},"sameAs":["https:\/\/www.facebook.com\/RELEVISPA","https:\/\/www.linkedin.com\/company\/relevi-spa\/"]}]}},"_links":{"self":[{"href":"http:\/\/www.relevi.it\/fr\/wp-json\/wp\/v2\/pages\/4130","targetHints":{"allow":["GET"]}}],"collection":[{"href":"http:\/\/www.relevi.it\/fr\/wp-json\/wp\/v2\/pages"}],"about":[{"href":"http:\/\/www.relevi.it\/fr\/wp-json\/wp\/v2\/types\/page"}],"author":[{"embeddable":true,"href":"http:\/\/www.relevi.it\/fr\/wp-json\/wp\/v2\/users\/1"}],"replies":[{"embeddable":true,"href":"http:\/\/www.relevi.it\/fr\/wp-json\/wp\/v2\/comments?post=4130"}],"version-history":[{"count":1,"href":"http:\/\/www.relevi.it\/fr\/wp-json\/wp\/v2\/pages\/4130\/revisions"}],"predecessor-version":[{"id":4131,"href":"http:\/\/www.relevi.it\/fr\/wp-json\/wp\/v2\/pages\/4130\/revisions\/4131"}],"wp:attachment":[{"href":"http:\/\/www.relevi.it\/fr\/wp-json\/wp\/v2\/media?parent=4130"}],"curies":[{"name":"wp","href":"https:\/\/api.w.org\/{rel}","templated":true}]}}